{"id":10,"date":"2024-08-18T10:39:37","date_gmt":"2024-08-18T10:39:37","guid":{"rendered":"https:\/\/arganhood.com\/?page_id=10"},"modified":"2024-08-31T18:11:09","modified_gmt":"2024-08-31T18:11:09","slug":"nosotros","status":"publish","type":"page","link":"https:\/\/arganhood.com\/es_es\/nosotros\/","title":{"rendered":"Nosotros"},"content":{"rendered":"\n<div class=\"wp-block-cover alignfull is-light\" style=\"min-height:611px;aspect-ratio:unset;\"><span aria-hidden=\"true\" class=\"wp-block-cover__background has-background-dim-0 has-background-dim\" style=\"background-color:#9e9a71\"><\/span><img loading=\"lazy\" decoding=\"async\" width=\"932\" height=\"584\" class=\"wp-block-cover__image-background wp-image-322\" alt=\"Aceite de arg\u00e1n puro obtenido en Marruecos\" src=\"https:\/\/arganhood.com\/wp-content\/uploads\/2024\/08\/argantess.png\" style=\"object-position:25% 76%\" data-object-fit=\"cover\" data-object-position=\"25% 76%\" srcset=\"https:\/\/arganhood.com\/wp-content\/uploads\/2024\/08\/argantess.png 932w, https:\/\/arganhood.com\/wp-content\/uploads\/2024\/08\/argantess-300x188.png 300w, https:\/\/arganhood.com\/wp-content\/uploads\/2024\/08\/argantess-768x481.png 768w\" sizes=\"auto, (max-width: 932px) 100vw, 932px\" \/><div class=\"wp-block-cover__inner-container has-global-padding is-layout-constrained wp-container-core-cover-is-layout-4383d167 wp-block-cover-is-layout-constrained\">\n<p class=\"has-text-align-center has-large-font-size\"><\/p>\n<\/div><\/div>\n\n\n\n<div class=\"wp-block-group alignfull has-global-padding is-layout-constrained wp-container-core-group-is-layout-4383d167 wp-block-group-is-layout-constrained\">\n<h1 class=\"wp-block-heading\"><strong>Conoce Nuestra Historia y Compromiso<\/strong><\/h1>\n\n\n\n<div class=\"wp-block-group alignwide has-global-padding is-layout-constrained wp-container-core-group-is-layout-3dead192 wp-block-group-is-layout-constrained\" style=\"margin-top:0;margin-bottom:0;padding-top:80px;padding-bottom:80px\">\n<div class=\"wp-block-columns alignwide is-layout-flex wp-container-core-columns-is-layout-9cf8123d wp-block-columns-is-layout-flex\">\n<div class=\"wp-block-column is-layout-flow wp-block-column-is-layout-flow\">\n<figure class=\"wp-block-image size-large\"><img loading=\"lazy\" decoding=\"async\" width=\"1024\" height=\"683\" src=\"https:\/\/arganhood.com\/wp-content\/uploads\/2024\/08\/mapamundi-1024x683.jpg\" alt=\"br\u00fajula y mapa Aceite de arg\u00e1n puro obtenido en Marruecos\" class=\"wp-image-326\" style=\"aspect-ratio:4\/3;object-fit:cover\" srcset=\"https:\/\/arganhood.com\/wp-content\/uploads\/2024\/08\/mapamundi-1024x683.jpg 1024w, https:\/\/arganhood.com\/wp-content\/uploads\/2024\/08\/mapamundi-300x200.jpg 300w, https:\/\/arganhood.com\/wp-content\/uploads\/2024\/08\/mapamundi-768x512.jpg 768w, https:\/\/arganhood.com\/wp-content\/uploads\/2024\/08\/mapamundi.jpg 1248w\" sizes=\"auto, (max-width: 1024px) 100vw, 1024px\" \/><\/figure>\n<\/div>\n\n\n\n<div class=\"wp-block-column is-vertically-aligned-center is-layout-flow wp-block-column-is-layout-flow\" style=\"padding-left:15px\">\n<h2 class=\"wp-block-heading has-text-color has-link-color has-suranna-font-family wp-elements-6ebb6f646837ec14feefa911dd39b973\" style=\"color:#000000;font-size:clamp(26.944px, 1.684rem + ((1vw - 3.2px) * 2.165), 46px);font-style:normal;font-weight:500;line-height:0.7\"><strong>Nuestra Historia<\/strong><\/h2>\n\n\n\n<p class=\"has-text-color has-link-color has-outfit-font-family wp-elements-ab482e895378324c4d1e82979e4b318a\" style=\"color:#000000;font-size:clamp(14px, 0.875rem + ((1vw - 3.2px) * 0.455), 18px);font-style:normal;font-weight:400\">Somos un equipo vibrante de viajeros marroqu\u00edes y tailandeses, unidos por nuestra pasi\u00f3n por el aceite de arg\u00e1n y sus incre\u00edbles beneficios para la belleza y el cuidado de la piel. Nuestro viaje comenz\u00f3 en los soleados paisajes de Marruecos y en las exuberantes selvas de Tailandia. Descubrimos la magia del aceite de arg\u00e1n, conocido por sus propiedades hidratantes y rejuvenecedoras, y c\u00f3mo puede transformar las rutinas de belleza en todo el mundo. \u00a1Ahora queremos compartir nuestra pasi\u00f3n contigo! Viajamos a lugares remotos para obtener el aceite de arg\u00e1n m\u00e1s puro y lo combinamos con ingredientes \u00fanicos de Tailandia. Nuestro objetivo es ofrecerte productos de alta calidad que nutran tu piel y cabello mientras celebramos la belleza de nuestras culturas. \u00a1\u00danete a esta emocionante aventura y experimenta los beneficios del aceite de arg\u00e1n!<\/p>\n\n\n\n<div class=\"wp-block-buttons is-layout-flex wp-block-buttons-is-layout-flex\">\n<div class=\"wp-block-button has-custom-font-size is-style-fill\" style=\"font-size:clamp(0.875em, 0.875rem + ((1vw - 0.2em) * 0.045), 0.9em);\"><a class=\"wp-block-button__link has-custom-color-1-color has-text-color has-background has-link-color wp-element-button\" href=\"https:\/\/arganhood.com\/productos\/\" style=\"background-color:#e27013;padding-top:var(--wp--preset--spacing--20);padding-right:var(--wp--preset--spacing--40);padding-bottom:var(--wp--preset--spacing--20);padding-left:var(--wp--preset--spacing--40)\">Compra ahora<\/a><\/div>\n<\/div>\n<\/div>\n<\/div>\n\n\n\n<div class=\"wp-block-columns alignwide is-layout-flex wp-container-core-columns-is-layout-8fd49b0b wp-block-columns-is-layout-flex\" style=\"padding-top:80px\">\n<div class=\"wp-block-column is-vertically-aligned-center is-layout-flow wp-block-column-is-layout-flow\" style=\"padding-right:15px\">\n<h2 class=\"wp-block-heading has-text-color has-link-color has-suranna-font-family wp-elements-93bfca3d95ed176bc9a38661277a6ae2\" style=\"color:#000000;font-size:clamp(26.944px, 1.684rem + ((1vw - 3.2px) * 2.165), 46px);font-style:normal;font-weight:500;line-height:0.7\"><strong>Nuestra Promesa<\/strong><\/h2>\n\n\n\n<p class=\"has-text-color has-link-color has-outfit-font-family wp-elements-398fd25adec629db725b316e624819cd\" style=\"color:#000000;font-size:clamp(14px, 0.875rem + ((1vw - 3.2px) * 0.455), 18px);font-style:normal;font-weight:400\">En el coraz\u00f3n de nuestro negocio se encuentra un compromiso con la calidad, la sostenibilidad y la comunidad. Ofrecemos solo el aceite de arg\u00e1n m\u00e1s puro, obtenido directamente de cooperativas marroqu\u00edes que empoderan a las mujeres locales. Al elegir nuestros productos, apoyas el comercio justo y ayudas a preservar pr\u00e1cticas tradicionales. Tambi\u00e9n combinamos el aceite de arg\u00e1n con ingredientes \u00fanicos de la cultura tailandesa, asegurando productos eficaces y encantadores. Nuestra promesa es brindarte soluciones excepcionales para el cuidado de la piel mientras generamos un impacto positivo en las comunidades que valoramos.<\/p>\n\n\n\n<div class=\"wp-block-buttons is-layout-flex wp-block-buttons-is-layout-flex\">\n<div class=\"wp-block-button has-custom-font-size is-style-fill\" style=\"font-size:clamp(0.875em, 0.875rem + ((1vw - 0.2em) * 0.045), 0.9em);\"><a class=\"wp-block-button__link has-custom-color-1-color has-text-color has-background has-link-color wp-element-button\" href=\"https:\/\/arganhood.com\/elixir-de-belleza-como-el-aceite-de-argan-y-nuestras-mezclas-transforman-tu-piel-y-cabello\/\" style=\"background-color:#e27013;padding-top:var(--wp--preset--spacing--20);padding-right:var(--wp--preset--spacing--40);padding-bottom:var(--wp--preset--spacing--20);padding-left:var(--wp--preset--spacing--40)\">Aprende m\u00e1s<\/a><\/div>\n<\/div>\n<\/div>\n\n\n\n<div class=\"wp-block-column is-layout-flow wp-block-column-is-layout-flow\">\n<figure class=\"wp-block-image size-full\"><img loading=\"lazy\" decoding=\"async\" width=\"1280\" height=\"786\" src=\"https:\/\/arganhood.com\/wp-content\/uploads\/2024\/08\/ArganTreeNutOil.jpg\" alt=\"Aceite de arg\u00e1n puro obtenido en Marruecos\" class=\"wp-image-95\" style=\"aspect-ratio:4\/3;object-fit:cover\" srcset=\"https:\/\/arganhood.com\/wp-content\/uploads\/2024\/08\/ArganTreeNutOil.jpg 1280w, https:\/\/arganhood.com\/wp-content\/uploads\/2024\/08\/ArganTreeNutOil-300x184.jpg 300w, https:\/\/arganhood.com\/wp-content\/uploads\/2024\/08\/ArganTreeNutOil-1024x629.jpg 1024w, https:\/\/arganhood.com\/wp-content\/uploads\/2024\/08\/ArganTreeNutOil-768x472.jpg 768w\" sizes=\"auto, (max-width: 1280px) 100vw, 1280px\" \/><\/figure>\n<\/div>\n<\/div>\n<\/div>\n<\/div>\n\n\n\n<section class=\"wp-block-group alignfull has-text-color has-global-padding is-layout-constrained wp-container-core-group-is-layout-68a273fd wp-block-group-is-layout-constrained\" style=\"color:#010101;margin-top:0px;padding-top:5.01rem;padding-right:1rem;padding-bottom:4.01rem;padding-left:1rem;font-size:clamp(0.875rem, 0.875rem + ((1vw - 0.2rem) * 0.464), 1.13rem);font-style:normal;font-weight:400;line-height:1.4\">\n<h2 class=\"wp-block-heading has-text-align-center has-text-color\" style=\"color:#010101;margin-top:0.51rem;margin-bottom:1.01rem;font-size:clamp(2.026rem, 2.026rem + ((1vw - 0.2rem) * 2.88), 3.61rem);font-style:normal;font-weight:500;line-height:1.3\">\u00bfPor Qu\u00e9 Elegir Nuestros Productos?<\/h2>\n\n\n\n<div class=\"wp-block-columns is-layout-flex wp-container-core-columns-is-layout-686e267c wp-block-columns-is-layout-flex\" style=\"margin-bottom:0px\">\n<div class=\"wp-block-column has-global-padding is-layout-constrained wp-container-core-column-is-layout-92d29198 wp-block-column-is-layout-constrained\" style=\"padding-top:0px;padding-bottom:0px;padding-left:0rem\">\n<div class=\"wp-block-group has-text-color has-background is-vertical is-content-justification-center is-layout-flex wp-container-core-group-is-layout-54950a31 wp-block-group-is-layout-flex\" style=\"color:#010101;background-color:#fffffd;padding-top:1.01rem;padding-right:1.51rem;padding-bottom:1.01rem;padding-left:1.51rem\">\n<h3 class=\"wp-block-heading has-text-align-center has-text-color has-link-color wp-elements-ac78f8e41b064cecbd45ba97298b085d\" style=\"color:#010101;font-size:clamp(0.99rem, 0.99rem + ((1vw - 0.2rem) * 0.945), 1.51rem);text-decoration:none\">Pureza<\/h3>\n\n\n\n<p class=\"has-text-align-center has-text-color\" style=\"color:#010101;margin-top:0rem;margin-bottom:1.01rem;font-size:clamp(0.875rem, 0.875rem + ((1vw - 0.2rem) * 0.045), 0.9rem);line-height:1.5\">Nuestro aceite de arg\u00e1n es 100% puro, garantizando que obtengas lo mejor para tu piel y cabello en todo momento.<\/p>\n<\/div>\n<\/div>\n\n\n\n<div class=\"wp-block-column has-global-padding is-layout-constrained wp-container-core-column-is-layout-92d29198 wp-block-column-is-layout-constrained\" style=\"padding-top:0px;padding-bottom:0px;padding-left:0rem\">\n<div class=\"wp-block-group has-text-color has-background is-vertical is-content-justification-center is-layout-flex wp-container-core-group-is-layout-54950a31 wp-block-group-is-layout-flex\" style=\"color:#010101;background-color:#fffffd;padding-top:1.01rem;padding-right:1.51rem;padding-bottom:1.01rem;padding-left:1.51rem\">\n<h3 class=\"wp-block-heading has-text-align-center has-text-color has-link-color wp-elements-9b47253f11a31b31d3fc2c035d0d0f86\" style=\"color:#010101;font-size:clamp(0.99rem, 0.99rem + ((1vw - 0.2rem) * 0.945), 1.51rem);text-decoration:none\"><strong>Comercio Justo<\/strong><\/h3>\n\n\n\n<p class=\"has-text-align-center has-text-color\" style=\"color:#010101;margin-top:0rem;margin-bottom:1.01rem;font-size:clamp(0.875rem, 0.875rem + ((1vw - 0.2rem) * 0.045), 0.9rem);line-height:1.5\">Apoyamos a las mujeres locales en Marruecos, garantizando salarios justos y pr\u00e1cticas sostenibles para todos.<\/p>\n<\/div>\n<\/div>\n\n\n\n<div class=\"wp-block-column has-global-padding is-layout-constrained wp-container-core-column-is-layout-92d29198 wp-block-column-is-layout-constrained\" style=\"padding-top:0px;padding-bottom:0px;padding-left:0rem\">\n<div class=\"wp-block-group has-text-color has-background is-vertical is-content-justification-center is-layout-flex wp-container-core-group-is-layout-54950a31 wp-block-group-is-layout-flex\" style=\"color:#010101;background-color:#fffffd;padding-top:1.01rem;padding-right:1.51rem;padding-bottom:1.01rem;padding-left:1.51rem\">\n<h3 class=\"wp-block-heading has-text-align-center has-text-color has-link-color wp-elements-db13fa0b30c055774101970b1ea30606\" style=\"color:#010101;font-size:clamp(0.99rem, 0.99rem + ((1vw - 0.2rem) * 0.945), 1.51rem);text-decoration:none\"><strong>Fusi\u00f3n Cultural<\/strong><\/h3>\n\n\n\n<p class=\"has-text-align-center has-text-color\" style=\"color:#010101;margin-top:0rem;margin-bottom:1.01rem;font-size:clamp(0.875rem, 0.875rem + ((1vw - 0.2rem) * 0.045), 0.9rem);line-height:1.5\">Nuestras mezclas \u00fanicas combinan lo mejor del Arg\u00e1n marroqu\u00ed con ingredientes tailandeses y de otros pa\u00edses para lograr resultados incre\u00edbles.<\/p>\n<\/div>\n<\/div>\n\n\n\n<div class=\"wp-block-column has-global-padding is-layout-constrained wp-container-core-column-is-layout-92d29198 wp-block-column-is-layout-constrained\" style=\"padding-top:0px;padding-bottom:0px;padding-left:0rem\">\n<div class=\"wp-block-group has-text-color has-background is-vertical is-content-justification-center is-layout-flex wp-container-core-group-is-layout-54950a31 wp-block-group-is-layout-flex\" style=\"color:#010101;background-color:#fffffd;padding-top:1.01rem;padding-right:1.51rem;padding-bottom:1.01rem;padding-left:1.51rem\">\n<h3 class=\"wp-block-heading has-text-align-center has-text-color has-link-color wp-elements-d14ee9fc4af213d21277dbfeb6814765\" style=\"color:#010101;font-size:clamp(0.99rem, 0.99rem + ((1vw - 0.2rem) * 0.945), 1.51rem);text-decoration:none\"><strong>Amigable con el Medio Ambiente<\/strong><\/h3>\n\n\n\n<p class=\"has-text-align-center has-text-color\" style=\"color:#010101;margin-top:0rem;margin-bottom:1.01rem;font-size:clamp(0.875rem, 0.875rem + ((1vw - 0.2rem) * 0.045), 0.9rem);line-height:1.5\">Priorizamos la obtenci\u00f3n sostenible de nuestros ingredientes y el uso de embalajes ecol\u00f3gicos para proteger nuestro planeta.<\/p>\n<\/div>\n<\/div>\n<\/div>\n<\/section>\n","protected":false},"excerpt":{"rendered":"<p>Conoce Nuestra Historia y Compromiso Nuestra Historia Somos un equipo vibrante de viajeros marroqu\u00edes y tailandeses, unidos por nuestra pasi\u00f3n por el aceite de arg\u00e1n y sus incre\u00edbles beneficios para la belleza y el cuidado de la piel. Nuestro viaje comenz\u00f3 en los soleados paisajes de Marruecos y en las exuberantes selvas de Tailandia. Descubrimos [&hellip;]<\/p>\n","protected":false},"author":1,"featured_media":0,"parent":0,"menu_order":0,"comment_status":"closed","ping_status":"closed","template":"","meta":{"iawp_total_views":60,"footnotes":""},"class_list":["post-10","page","type-page","status-publish","hentry"],"yoast_head":"<!-- This site is optimized with the Yoast SEO plugin v27.5 - https:\/\/yoast.com\/product\/yoast-seo-wordpress\/ -->\n<title>Nosotros - Argan Hood<\/title>\n<meta name=\"description\" content=\"Descubre la historia de nuestra pasi\u00f3n por el aceite de arg\u00e1n y nuestro compromiso con la calidad y el comercio justo. Aprende c\u00f3mo nuestros productos transforman la belleza de la piel y el cabello.\" \/>\n<meta name=\"robots\" content=\"index, follow, max-snippet:-1, max-image-preview:large, max-video-preview:-1\" \/>\n<link rel=\"canonical\" href=\"https:\/\/arganhood.com\/es_es\/nosotros\/\" \/>\n<meta property=\"og:locale\" content=\"es_ES\" \/>\n<meta property=\"og:type\" content=\"article\" \/>\n<meta property=\"og:title\" content=\"Nosotros - Argan Hood\" \/>\n<meta property=\"og:description\" content=\"Descubre la historia de nuestra pasi\u00f3n por el aceite de arg\u00e1n y nuestro compromiso con la calidad y el comercio justo. Aprende c\u00f3mo nuestros productos transforman la belleza de la piel y el cabello.\" \/>\n<meta property=\"og:url\" content=\"https:\/\/arganhood.com\/es_es\/nosotros\/\" \/>\n<meta property=\"og:site_name\" content=\"Argan Hood\" \/>\n<meta property=\"article:modified_time\" content=\"2024-08-31T18:11:09+00:00\" \/>\n<meta property=\"og:image\" content=\"https:\/\/arganhood.com\/wp-content\/uploads\/2024\/08\/argantess.png\" \/>\n<meta name=\"twitter:card\" content=\"summary_large_image\" \/>\n<meta name=\"twitter:label1\" content=\"Tiempo de lectura\" \/>\n\t<meta name=\"twitter:data1\" content=\"3 minutos\" \/>\n<script type=\"application\/ld+json\" class=\"yoast-schema-graph\">{\"@context\":\"https:\\\/\\\/schema.org\",\"@graph\":[{\"@type\":\"WebPage\",\"@id\":\"https:\\\/\\\/arganhood.com\\\/nosotros\\\/\",\"url\":\"https:\\\/\\\/arganhood.com\\\/nosotros\\\/\",\"name\":\"Nosotros - Argan Hood\",\"isPartOf\":{\"@id\":\"https:\\\/\\\/arganhood.com\\\/#website\"},\"primaryImageOfPage\":{\"@id\":\"https:\\\/\\\/arganhood.com\\\/nosotros\\\/#primaryimage\"},\"image\":{\"@id\":\"https:\\\/\\\/arganhood.com\\\/nosotros\\\/#primaryimage\"},\"thumbnailUrl\":\"https:\\\/\\\/arganhood.com\\\/wp-content\\\/uploads\\\/2024\\\/08\\\/argantess.png\",\"datePublished\":\"2024-08-18T10:39:37+00:00\",\"dateModified\":\"2024-08-31T18:11:09+00:00\",\"description\":\"Descubre la historia de nuestra pasi\u00f3n por el aceite de arg\u00e1n y nuestro compromiso con la calidad y el comercio justo. Aprende c\u00f3mo nuestros productos transforman la belleza de la piel y el cabello.\",\"breadcrumb\":{\"@id\":\"https:\\\/\\\/arganhood.com\\\/nosotros\\\/#breadcrumb\"},\"inLanguage\":\"es\",\"potentialAction\":[{\"@type\":\"ReadAction\",\"target\":[\"https:\\\/\\\/arganhood.com\\\/nosotros\\\/\"]}]},{\"@type\":\"ImageObject\",\"inLanguage\":\"es\",\"@id\":\"https:\\\/\\\/arganhood.com\\\/nosotros\\\/#primaryimage\",\"url\":\"https:\\\/\\\/arganhood.com\\\/wp-content\\\/uploads\\\/2024\\\/08\\\/argantess.png\",\"contentUrl\":\"https:\\\/\\\/arganhood.com\\\/wp-content\\\/uploads\\\/2024\\\/08\\\/argantess.png\"},{\"@type\":\"BreadcrumbList\",\"@id\":\"https:\\\/\\\/arganhood.com\\\/nosotros\\\/#breadcrumb\",\"itemListElement\":[{\"@type\":\"ListItem\",\"position\":1,\"name\":\"Inicio\",\"item\":\"https:\\\/\\\/arganhood.com\\\/\"},{\"@type\":\"ListItem\",\"position\":2,\"name\":\"Nosotros\"}]},{\"@type\":\"WebSite\",\"@id\":\"https:\\\/\\\/arganhood.com\\\/#website\",\"url\":\"https:\\\/\\\/arganhood.com\\\/\",\"name\":\"Argan Hood\",\"description\":\"Salud en tu piel\",\"publisher\":{\"@id\":\"https:\\\/\\\/arganhood.com\\\/#organization\"},\"alternateName\":\"Mundo Argan\",\"potentialAction\":[{\"@type\":\"SearchAction\",\"target\":{\"@type\":\"EntryPoint\",\"urlTemplate\":\"https:\\\/\\\/arganhood.com\\\/?s={search_term_string}\"},\"query-input\":{\"@type\":\"PropertyValueSpecification\",\"valueRequired\":true,\"valueName\":\"search_term_string\"}}],\"inLanguage\":\"es\"},{\"@type\":\"Organization\",\"@id\":\"https:\\\/\\\/arganhood.com\\\/#organization\",\"name\":\"Argan Hood\",\"url\":\"https:\\\/\\\/arganhood.com\\\/\",\"logo\":{\"@type\":\"ImageObject\",\"inLanguage\":\"es\",\"@id\":\"https:\\\/\\\/arganhood.com\\\/#\\\/schema\\\/logo\\\/image\\\/\",\"url\":\"https:\\\/\\\/arganhood.com\\\/wp-content\\\/uploads\\\/2024\\\/08\\\/logo-hood.png\",\"contentUrl\":\"https:\\\/\\\/arganhood.com\\\/wp-content\\\/uploads\\\/2024\\\/08\\\/logo-hood.png\",\"width\":492,\"height\":492,\"caption\":\"Argan Hood\"},\"image\":{\"@id\":\"https:\\\/\\\/arganhood.com\\\/#\\\/schema\\\/logo\\\/image\\\/\"},\"sameAs\":[\"https:\\\/\\\/www.instagram.com\\\/arganhood\\\/\"]}]}<\/script>\n<!-- \/ Yoast SEO plugin. -->","yoast_head_json":{"title":"Nosotros - Argan Hood","description":"Descubre la historia de nuestra pasi\u00f3n por el aceite de arg\u00e1n y nuestro compromiso con la calidad y el comercio justo. Aprende c\u00f3mo nuestros productos transforman la belleza de la piel y el cabello.","robots":{"index":"index","follow":"follow","max-snippet":"max-snippet:-1","max-image-preview":"max-image-preview:large","max-video-preview":"max-video-preview:-1"},"canonical":"https:\/\/arganhood.com\/es_es\/nosotros\/","og_locale":"es_ES","og_type":"article","og_title":"Nosotros - Argan Hood","og_description":"Descubre la historia de nuestra pasi\u00f3n por el aceite de arg\u00e1n y nuestro compromiso con la calidad y el comercio justo. Aprende c\u00f3mo nuestros productos transforman la belleza de la piel y el cabello.","og_url":"https:\/\/arganhood.com\/es_es\/nosotros\/","og_site_name":"Argan Hood","article_modified_time":"2024-08-31T18:11:09+00:00","og_image":[{"url":"https:\/\/arganhood.com\/wp-content\/uploads\/2024\/08\/argantess.png","type":"","width":"","height":""}],"twitter_card":"summary_large_image","twitter_misc":{"Tiempo de lectura":"3 minutos"},"schema":{"@context":"https:\/\/schema.org","@graph":[{"@type":"WebPage","@id":"https:\/\/arganhood.com\/nosotros\/","url":"https:\/\/arganhood.com\/nosotros\/","name":"Nosotros - Argan Hood","isPartOf":{"@id":"https:\/\/arganhood.com\/#website"},"primaryImageOfPage":{"@id":"https:\/\/arganhood.com\/nosotros\/#primaryimage"},"image":{"@id":"https:\/\/arganhood.com\/nosotros\/#primaryimage"},"thumbnailUrl":"https:\/\/arganhood.com\/wp-content\/uploads\/2024\/08\/argantess.png","datePublished":"2024-08-18T10:39:37+00:00","dateModified":"2024-08-31T18:11:09+00:00","description":"Descubre la historia de nuestra pasi\u00f3n por el aceite de arg\u00e1n y nuestro compromiso con la calidad y el comercio justo. Aprende c\u00f3mo nuestros productos transforman la belleza de la piel y el cabello.","breadcrumb":{"@id":"https:\/\/arganhood.com\/nosotros\/#breadcrumb"},"inLanguage":"es","potentialAction":[{"@type":"ReadAction","target":["https:\/\/arganhood.com\/nosotros\/"]}]},{"@type":"ImageObject","inLanguage":"es","@id":"https:\/\/arganhood.com\/nosotros\/#primaryimage","url":"https:\/\/arganhood.com\/wp-content\/uploads\/2024\/08\/argantess.png","contentUrl":"https:\/\/arganhood.com\/wp-content\/uploads\/2024\/08\/argantess.png"},{"@type":"BreadcrumbList","@id":"https:\/\/arganhood.com\/nosotros\/#breadcrumb","itemListElement":[{"@type":"ListItem","position":1,"name":"Inicio","item":"https:\/\/arganhood.com\/"},{"@type":"ListItem","position":2,"name":"Nosotros"}]},{"@type":"WebSite","@id":"https:\/\/arganhood.com\/#website","url":"https:\/\/arganhood.com\/","name":"Argan Hood","description":"Salud en tu piel","publisher":{"@id":"https:\/\/arganhood.com\/#organization"},"alternateName":"Mundo Argan","potentialAction":[{"@type":"SearchAction","target":{"@type":"EntryPoint","urlTemplate":"https:\/\/arganhood.com\/?s={search_term_string}"},"query-input":{"@type":"PropertyValueSpecification","valueRequired":true,"valueName":"search_term_string"}}],"inLanguage":"es"},{"@type":"Organization","@id":"https:\/\/arganhood.com\/#organization","name":"Argan Hood","url":"https:\/\/arganhood.com\/","logo":{"@type":"ImageObject","inLanguage":"es","@id":"https:\/\/arganhood.com\/#\/schema\/logo\/image\/","url":"https:\/\/arganhood.com\/wp-content\/uploads\/2024\/08\/logo-hood.png","contentUrl":"https:\/\/arganhood.com\/wp-content\/uploads\/2024\/08\/logo-hood.png","width":492,"height":492,"caption":"Argan Hood"},"image":{"@id":"https:\/\/arganhood.com\/#\/schema\/logo\/image\/"},"sameAs":["https:\/\/www.instagram.com\/arganhood\/"]}]}},"_links":{"self":[{"href":"https:\/\/arganhood.com\/es_es\/wp-json\/wp\/v2\/pages\/10","targetHints":{"allow":["GET"]}}],"collection":[{"href":"https:\/\/arganhood.com\/es_es\/wp-json\/wp\/v2\/pages"}],"about":[{"href":"https:\/\/arganhood.com\/es_es\/wp-json\/wp\/v2\/types\/page"}],"author":[{"embeddable":true,"href":"https:\/\/arganhood.com\/es_es\/wp-json\/wp\/v2\/users\/1"}],"replies":[{"embeddable":true,"href":"https:\/\/arganhood.com\/es_es\/wp-json\/wp\/v2\/comments?post=10"}],"version-history":[{"count":27,"href":"https:\/\/arganhood.com\/es_es\/wp-json\/wp\/v2\/pages\/10\/revisions"}],"predecessor-version":[{"id":512,"href":"https:\/\/arganhood.com\/es_es\/wp-json\/wp\/v2\/pages\/10\/revisions\/512"}],"wp:attachment":[{"href":"https:\/\/arganhood.com\/es_es\/wp-json\/wp\/v2\/media?parent=10"}],"curies":[{"name":"wp","href":"https:\/\/api.w.org\/{rel}","templated":true}]}}