{"id":14,"date":"2024-08-18T10:40:09","date_gmt":"2024-08-18T10:40:09","guid":{"rendered":"https:\/\/arganhood.com\/?page_id=14"},"modified":"2024-09-13T19:24:11","modified_gmt":"2024-09-13T19:24:11","slug":"contacta","status":"publish","type":"page","link":"https:\/\/arganhood.com\/es_es\/contacta\/","title":{"rendered":"Contacta"},"content":{"rendered":"\n<div class=\"wp-block-cover alignfull\"><span aria-hidden=\"true\" class=\"wp-block-cover__background has-background-dim-20 has-background-dim\" style=\"background-color:#5d453f\"><\/span><img loading=\"lazy\" decoding=\"async\" width=\"960\" height=\"640\" class=\"wp-block-cover__image-background wp-image-103\" alt=\"Aceite de arg\u00e1n puro obtenido en Marruecos\" src=\"https:\/\/arganhood.com\/wp-content\/uploads\/2024\/08\/argan-hands.jpg\" style=\"object-position:59% 41%\" data-object-fit=\"cover\" data-object-position=\"59% 41%\" srcset=\"https:\/\/arganhood.com\/wp-content\/uploads\/2024\/08\/argan-hands.jpg 960w, https:\/\/arganhood.com\/wp-content\/uploads\/2024\/08\/argan-hands-300x200.jpg 300w, https:\/\/arganhood.com\/wp-content\/uploads\/2024\/08\/argan-hands-768x512.jpg 768w\" sizes=\"auto, (max-width: 960px) 100vw, 960px\" \/><div class=\"wp-block-cover__inner-container has-global-padding is-layout-constrained wp-container-core-cover-is-layout-4383d167 wp-block-cover-is-layout-constrained\">\n<p class=\"has-text-align-center has-large-font-size\"><\/p>\n<\/div><\/div>\n\n\n\n<div class=\"wp-block-group alignwide has-global-padding is-layout-constrained wp-container-core-group-is-layout-18f79301 wp-block-group-is-layout-constrained\" style=\"padding-top:80px;padding-bottom:50px\">\n<h1 class=\"wp-block-heading has-text-align-center has-text-color has-link-color has-prata-font-family wp-elements-6c57cf51980984055f4ecf36be6872c8\" style=\"color:#3e3e3e;font-size:clamp(23.043px, 1.44rem + ((1vw - 3.2px) * 1.7), 38px);font-style:normal;font-weight:400;line-height:1.5;text-transform:capitalize\">\u00a1Cont\u00e1ctanos para M\u00e1s Informaci\u00f3n sobre el Aceite de Arg\u00e1n!<\/h1>\n\n\n\n<p>Sabemos que el aceite de arg\u00e1n puede suscitar muchas preguntas, y estamos aqu\u00ed para resolverlas todas. Ya sea que quieras saber c\u00f3mo integrar el aceite de arg\u00e1n en tu rutina diaria, c\u00f3mo puede ayudarte con granos, acn\u00e9 o eczemas, o cualquier otra duda relacionada con el cuidado de la piel y el cuidado del cabello, estamos aqu\u00ed para ayudarte.<\/p>\n\n\n\n<p>No importa si buscas asesor\u00eda sobre c\u00f3mo aprovechar al m\u00e1ximo los beneficios del aceite de arg\u00e1n o tienes preguntas sobre nuestros productos, no dudes en ponerte en contacto con nosotros. Estamos a solo un mensaje de distancia y listos para brindarte toda la orientaci\u00f3n que necesites.<\/p>\n\n\n\n<p><strong>\u00a1Escr\u00edbenos hoy mismo y descubre c\u00f3mo el aceite de arg\u00e1n puede transformar tu rutina de belleza!<\/strong><\/p>\n\n\n\n<p><strong>Informaci\u00f3n de Contacto<\/strong><\/p>\n\n\n\n<ul class=\"wp-block-list\">\n<li><strong>Whatsapp <\/strong>: +34 623 43 78 38<\/li>\n\n\n\n<li><strong>Correo Electr\u00f3nico<\/strong>: <a>info@arganhood.com<\/a><\/li>\n<\/ul>\n\n\n\n<h5 class=\"wp-block-heading\"><strong>Si prefieres enviarnos tu consulta directamente, completa el formulario a continuaci\u00f3n:<\/strong><\/h5>\n\n\n<style id=\"wpforms-css-vars-100-block-e073b50e-96bf-409a-93fb-baea9bcfe958\">\n\t\t\t\t#wpforms-100.wpforms-block-e073b50e-96bf-409a-93fb-baea9bcfe958 {\n\t\t\t\t--wpforms-label-color: #262626;\n--wpforms-label-sublabel-color: #7f7f7f;\n--wpforms-label-error-color: #ff0000;\n--wpforms-page-break-color: #dddddd;\n--wpforms-field-border-radius: 0px;\n--wpforms-field-border-color: #cccccc;\n--wpforms-field-border-color-spare: #cccccc;\n--wpforms-field-text-color: #444444;\n--wpforms-button-border-style: solid;\n--wpforms-button-border-radius: 0px;\n--wpforms-button-background-color: #dddddd;\n--wpforms-button-text-color: #666666;\n--wpforms-button-border-color: #cccccc;\n--wpforms-field-size-input-height: 43px;\n--wpforms-field-size-input-spacing: 15px;\n--wpforms-field-size-font-size: 16px;\n--wpforms-field-size-line-height: 19px;\n--wpforms-field-size-padding-h: 14px;\n--wpforms-field-size-checkbox-size: 16px;\n--wpforms-field-size-sublabel-spacing: 5px;\n--wpforms-field-size-icon-size: 1;\n--wpforms-label-size-font-size: 14px;\n--wpforms-label-size-line-height: 17px;\n--wpforms-label-size-sublabel-font-size: 13px;\n--wpforms-label-size-sublabel-line-height: 16px;\n--wpforms-button-size-font-size: 17px;\n--wpforms-button-size-height: 41px;\n--wpforms-button-size-padding-h: 15px;\n--wpforms-button-size-margin-top: 10px;\n\t\t\t}\n\t\t\t<\/style><div class=\"wpforms-container wpforms-container-full wpforms-block wpforms-block-e073b50e-96bf-409a-93fb-baea9bcfe958 wpforms-render-modern\" id=\"wpforms-100\"><form id=\"wpforms-form-100\" class=\"wpforms-validate wpforms-form wpforms-ajax-form\" data-formid=\"100\" method=\"post\" enctype=\"multipart\/form-data\" action=\"\/es_es\/wp-json\/wp\/v2\/pages\/14\" data-token=\"a97c7102cacb6d8aa2185265027384a9\" data-token-time=\"1778499331\"><noscript class=\"wpforms-error-noscript\">Por favor, activa JavaScript en tu navegador para completar este formulario.<\/noscript><div id=\"wpforms-error-noscript\" style=\"display: none;\">Por favor, activa JavaScript en tu navegador para completar este formulario.<\/div><div class=\"wpforms-field-container\">\t\t<div id=\"wpforms-100-field_4-container\"\n\t\t\tclass=\"wpforms-field wpforms-field-text\"\n\t\t\tdata-field-type=\"text\"\n\t\t\tdata-field-id=\"4\"\n\t\t\t>\n\t\t\t<label class=\"wpforms-field-label\" for=\"wpforms-100-field_4\" >o Nombre electr\u00f3nico<\/label>\n\t\t\t<input type=\"text\" id=\"wpforms-100-field_4\" class=\"wpforms-field-medium\" name=\"wpforms[fields][4]\" >\n\t\t<\/div>\n\t\t<div id=\"wpforms-100-field_1-container\" class=\"wpforms-field wpforms-field-name\" data-field-id=\"1\"><fieldset><legend class=\"wpforms-field-label\">Nombre <span class=\"wpforms-required-label\" aria-hidden=\"true\">*<\/span><\/legend><div class=\"wpforms-field-row wpforms-field-medium\"><div class=\"wpforms-field-row-block wpforms-first wpforms-one-half\"><input type=\"text\" id=\"wpforms-100-field_1\" class=\"wpforms-field-name-first wpforms-field-required\" name=\"wpforms[fields][1][first]\" aria-errormessage=\"wpforms-100-field_1-error\" required><label for=\"wpforms-100-field_1\" class=\"wpforms-field-sublabel after\">Nombre<\/label><\/div><div class=\"wpforms-field-row-block wpforms-one-half\"><input type=\"text\" id=\"wpforms-100-field_1-last\" class=\"wpforms-field-name-last wpforms-field-required\" name=\"wpforms[fields][1][last]\" aria-errormessage=\"wpforms-100-field_1-last-error\" required><label for=\"wpforms-100-field_1-last\" class=\"wpforms-field-sublabel after\">Apellidos<\/label><\/div><\/div><\/fieldset><\/div><div id=\"wpforms-100-field_2-container\" class=\"wpforms-field wpforms-field-email\" data-field-id=\"2\"><label class=\"wpforms-field-label\" for=\"wpforms-100-field_2\">Correo electr\u00f3nico <span class=\"wpforms-required-label\" aria-hidden=\"true\">*<\/span><\/label><input type=\"email\" id=\"wpforms-100-field_2\" class=\"wpforms-field-medium wpforms-field-required\" name=\"wpforms[fields][2]\" spellcheck=\"false\" aria-errormessage=\"wpforms-100-field_2-error\" required><\/div><div id=\"wpforms-100-field_3-container\" class=\"wpforms-field wpforms-field-textarea\" data-field-id=\"3\"><label class=\"wpforms-field-label\" for=\"wpforms-100-field_3\">Comentario o mensaje<\/label><textarea id=\"wpforms-100-field_3\" class=\"wpforms-field-medium\" name=\"wpforms[fields][3]\" aria-errormessage=\"wpforms-100-field_3-error\" ><\/textarea><\/div><script>\n\t\t\t\t( function() {\n\t\t\t\t\tconst style = document.createElement( 'style' );\n\t\t\t\t\tstyle.appendChild( document.createTextNode( '#wpforms-100-field_4-container { position: absolute !important; overflow: hidden !important; display: inline !important; height: 1px !important; width: 1px !important; z-index: -1000 !important; padding: 0 !important; } #wpforms-100-field_4-container input { visibility: hidden; } #wpforms-conversational-form-page #wpforms-100-field_4-container label { counter-increment: none; }' ) );\n\t\t\t\t\tdocument.head.appendChild( style );\n\t\t\t\t\tdocument.currentScript?.remove();\n\t\t\t\t} )();\n\t\t\t<\/script><\/div><!-- .wpforms-field-container --><div class=\"wpforms-recaptcha-container wpforms-is-turnstile\" ><div class=\"wpforms-turnstile\" data-sitekey=\"0x4AAAAAAC8YSq3M-aSAdlax\" data-action=\"FormID-100\"><\/div><input type=\"text\" name=\"g-recaptcha-hidden\" class=\"wpforms-recaptcha-hidden\" style=\"position:absolute!important;clip:rect(0,0,0,0)!important;height:1px!important;width:1px!important;border:0!important;overflow:hidden!important;padding:0!important;margin:0!important;\" data-rule-turnstile=\"1\"><\/div><div class=\"wpforms-submit-container\" ><input type=\"hidden\" name=\"wpforms[id]\" value=\"100\"><input type=\"hidden\" name=\"page_title\" value=\"\"><input type=\"hidden\" name=\"page_url\" value=\"https:\/\/arganhood.com\/es_es\/wp-json\/wp\/v2\/pages\/14\"><input type=\"hidden\" name=\"url_referer\" value=\"\"><button type=\"submit\" name=\"wpforms[submit]\" id=\"wpforms-submit-100\" class=\"wpforms-submit\" data-alt-text=\"Enviando...\" data-submit-text=\"Enviar\" aria-live=\"assertive\" value=\"wpforms-submit\">Enviar<\/button><img loading=\"lazy\" decoding=\"async\" src=\"https:\/\/arganhood.com\/wp-content\/plugins\/wpforms-lite\/assets\/images\/submit-spin.svg\" class=\"wpforms-submit-spinner\" style=\"display: none;\" width=\"26\" height=\"26\" alt=\"Cargando\"><\/div><\/form><\/div>  <!-- .wpforms-container -->\n\n\n<div class=\"wp-block-group has-global-padding is-layout-constrained wp-block-group-is-layout-constrained\">\n<p><strong>Explora M\u00e1s<\/strong>:<\/p>\n\n\n\n<ul class=\"wp-block-list\">\n<li><strong><a href=\"https:\/\/arganhood.com\/diy-con-aceite-de-argan-y-mezclas-naturales\/\" target=\"_blank\" rel=\"noreferrer noopener\">Descubre mezclas exclusivas DIY con aceite de arg\u00e1n<\/a><\/strong><\/li>\n\n\n\n<li><strong><a href=\"https:\/\/arganhood.com\/elixir-de-belleza-como-el-aceite-de-argan-y-nuestras-mezclas-transforman-tu-piel-y-cabello\/\" target=\"_blank\" rel=\"noreferrer noopener\">Lee m\u00e1s sobre los beneficios del aceite de arg\u00e1n<\/a><\/strong><\/li>\n<\/ul>\n<\/div>\n<\/div>\n","protected":false},"excerpt":{"rendered":"<p>\u00a1Cont\u00e1ctanos para M\u00e1s Informaci\u00f3n sobre el Aceite de Arg\u00e1n! Sabemos que el aceite de arg\u00e1n puede suscitar muchas preguntas, y estamos aqu\u00ed para resolverlas todas. Ya sea que quieras saber c\u00f3mo integrar el aceite de arg\u00e1n en tu rutina diaria, c\u00f3mo puede ayudarte con granos, acn\u00e9 o eczemas, o cualquier otra duda relacionada con el [&hellip;]<\/p>\n","protected":false},"author":1,"featured_media":0,"parent":0,"menu_order":0,"comment_status":"closed","ping_status":"closed","template":"","meta":{"iawp_total_views":145,"footnotes":""},"class_list":["post-14","page","type-page","status-publish","hentry"],"yoast_head":"<!-- This site is optimized with the Yoast SEO plugin v27.5 - https:\/\/yoast.com\/product\/yoast-seo-wordpress\/ -->\n<title>Contacta - Argan Hood<\/title>\n<meta name=\"description\" content=\"\u00bfTienes preguntas sobre el aceite de arg\u00e1n? Cont\u00e1ctanos para recibir asesor\u00eda experta sobre c\u00f3mo usar el aceite de arg\u00e1n para la piel, cabello y m\u00e1s. \u00a1Estamos aqu\u00ed para ayudarte!\" \/>\n<meta name=\"robots\" content=\"index, follow, max-snippet:-1, max-image-preview:large, max-video-preview:-1\" \/>\n<link rel=\"canonical\" href=\"https:\/\/arganhood.com\/es_es\/contacta\/\" \/>\n<meta property=\"og:locale\" content=\"es_ES\" \/>\n<meta property=\"og:type\" content=\"article\" \/>\n<meta property=\"og:title\" content=\"Contacta - Argan Hood\" \/>\n<meta property=\"og:description\" content=\"\u00bfTienes preguntas sobre el aceite de arg\u00e1n? Cont\u00e1ctanos para recibir asesor\u00eda experta sobre c\u00f3mo usar el aceite de arg\u00e1n para la piel, cabello y m\u00e1s. \u00a1Estamos aqu\u00ed para ayudarte!\" \/>\n<meta property=\"og:url\" content=\"https:\/\/arganhood.com\/es_es\/contacta\/\" \/>\n<meta property=\"og:site_name\" content=\"Argan Hood\" \/>\n<meta property=\"article:modified_time\" content=\"2024-09-13T19:24:11+00:00\" \/>\n<meta property=\"og:image\" content=\"https:\/\/arganhood.com\/wp-content\/uploads\/2024\/08\/argan-hands.jpg\" \/>\n<meta name=\"twitter:card\" content=\"summary_large_image\" \/>\n<meta name=\"twitter:label1\" content=\"Tiempo de lectura\" \/>\n\t<meta name=\"twitter:data1\" content=\"1 minuto\" \/>\n<script type=\"application\/ld+json\" class=\"yoast-schema-graph\">{\"@context\":\"https:\\\/\\\/schema.org\",\"@graph\":[{\"@type\":\"WebPage\",\"@id\":\"https:\\\/\\\/arganhood.com\\\/contacta\\\/\",\"url\":\"https:\\\/\\\/arganhood.com\\\/contacta\\\/\",\"name\":\"Contacta - Argan Hood\",\"isPartOf\":{\"@id\":\"https:\\\/\\\/arganhood.com\\\/#website\"},\"primaryImageOfPage\":{\"@id\":\"https:\\\/\\\/arganhood.com\\\/contacta\\\/#primaryimage\"},\"image\":{\"@id\":\"https:\\\/\\\/arganhood.com\\\/contacta\\\/#primaryimage\"},\"thumbnailUrl\":\"https:\\\/\\\/arganhood.com\\\/wp-content\\\/uploads\\\/2024\\\/08\\\/argan-hands.jpg\",\"datePublished\":\"2024-08-18T10:40:09+00:00\",\"dateModified\":\"2024-09-13T19:24:11+00:00\",\"description\":\"\u00bfTienes preguntas sobre el aceite de arg\u00e1n? Cont\u00e1ctanos para recibir asesor\u00eda experta sobre c\u00f3mo usar el aceite de arg\u00e1n para la piel, cabello y m\u00e1s. \u00a1Estamos aqu\u00ed para ayudarte!\",\"breadcrumb\":{\"@id\":\"https:\\\/\\\/arganhood.com\\\/contacta\\\/#breadcrumb\"},\"inLanguage\":\"es\",\"potentialAction\":[{\"@type\":\"ReadAction\",\"target\":[\"https:\\\/\\\/arganhood.com\\\/contacta\\\/\"]}]},{\"@type\":\"ImageObject\",\"inLanguage\":\"es\",\"@id\":\"https:\\\/\\\/arganhood.com\\\/contacta\\\/#primaryimage\",\"url\":\"https:\\\/\\\/arganhood.com\\\/wp-content\\\/uploads\\\/2024\\\/08\\\/argan-hands.jpg\",\"contentUrl\":\"https:\\\/\\\/arganhood.com\\\/wp-content\\\/uploads\\\/2024\\\/08\\\/argan-hands.jpg\"},{\"@type\":\"BreadcrumbList\",\"@id\":\"https:\\\/\\\/arganhood.com\\\/contacta\\\/#breadcrumb\",\"itemListElement\":[{\"@type\":\"ListItem\",\"position\":1,\"name\":\"Inicio\",\"item\":\"https:\\\/\\\/arganhood.com\\\/\"},{\"@type\":\"ListItem\",\"position\":2,\"name\":\"Contacta\"}]},{\"@type\":\"WebSite\",\"@id\":\"https:\\\/\\\/arganhood.com\\\/#website\",\"url\":\"https:\\\/\\\/arganhood.com\\\/\",\"name\":\"Argan Hood\",\"description\":\"Salud en tu piel\",\"publisher\":{\"@id\":\"https:\\\/\\\/arganhood.com\\\/#organization\"},\"alternateName\":\"Mundo Argan\",\"potentialAction\":[{\"@type\":\"SearchAction\",\"target\":{\"@type\":\"EntryPoint\",\"urlTemplate\":\"https:\\\/\\\/arganhood.com\\\/?s={search_term_string}\"},\"query-input\":{\"@type\":\"PropertyValueSpecification\",\"valueRequired\":true,\"valueName\":\"search_term_string\"}}],\"inLanguage\":\"es\"},{\"@type\":\"Organization\",\"@id\":\"https:\\\/\\\/arganhood.com\\\/#organization\",\"name\":\"Argan Hood\",\"url\":\"https:\\\/\\\/arganhood.com\\\/\",\"logo\":{\"@type\":\"ImageObject\",\"inLanguage\":\"es\",\"@id\":\"https:\\\/\\\/arganhood.com\\\/#\\\/schema\\\/logo\\\/image\\\/\",\"url\":\"https:\\\/\\\/arganhood.com\\\/wp-content\\\/uploads\\\/2024\\\/08\\\/logo-hood.png\",\"contentUrl\":\"https:\\\/\\\/arganhood.com\\\/wp-content\\\/uploads\\\/2024\\\/08\\\/logo-hood.png\",\"width\":492,\"height\":492,\"caption\":\"Argan Hood\"},\"image\":{\"@id\":\"https:\\\/\\\/arganhood.com\\\/#\\\/schema\\\/logo\\\/image\\\/\"},\"sameAs\":[\"https:\\\/\\\/www.instagram.com\\\/arganhood\\\/\"]}]}<\/script>\n<!-- \/ Yoast SEO plugin. -->","yoast_head_json":{"title":"Contacta - Argan Hood","description":"\u00bfTienes preguntas sobre el aceite de arg\u00e1n? Cont\u00e1ctanos para recibir asesor\u00eda experta sobre c\u00f3mo usar el aceite de arg\u00e1n para la piel, cabello y m\u00e1s. \u00a1Estamos aqu\u00ed para ayudarte!","robots":{"index":"index","follow":"follow","max-snippet":"max-snippet:-1","max-image-preview":"max-image-preview:large","max-video-preview":"max-video-preview:-1"},"canonical":"https:\/\/arganhood.com\/es_es\/contacta\/","og_locale":"es_ES","og_type":"article","og_title":"Contacta - Argan Hood","og_description":"\u00bfTienes preguntas sobre el aceite de arg\u00e1n? Cont\u00e1ctanos para recibir asesor\u00eda experta sobre c\u00f3mo usar el aceite de arg\u00e1n para la piel, cabello y m\u00e1s. \u00a1Estamos aqu\u00ed para ayudarte!","og_url":"https:\/\/arganhood.com\/es_es\/contacta\/","og_site_name":"Argan Hood","article_modified_time":"2024-09-13T19:24:11+00:00","og_image":[{"url":"https:\/\/arganhood.com\/wp-content\/uploads\/2024\/08\/argan-hands.jpg","type":"","width":"","height":""}],"twitter_card":"summary_large_image","twitter_misc":{"Tiempo de lectura":"1 minuto"},"schema":{"@context":"https:\/\/schema.org","@graph":[{"@type":"WebPage","@id":"https:\/\/arganhood.com\/contacta\/","url":"https:\/\/arganhood.com\/contacta\/","name":"Contacta - Argan Hood","isPartOf":{"@id":"https:\/\/arganhood.com\/#website"},"primaryImageOfPage":{"@id":"https:\/\/arganhood.com\/contacta\/#primaryimage"},"image":{"@id":"https:\/\/arganhood.com\/contacta\/#primaryimage"},"thumbnailUrl":"https:\/\/arganhood.com\/wp-content\/uploads\/2024\/08\/argan-hands.jpg","datePublished":"2024-08-18T10:40:09+00:00","dateModified":"2024-09-13T19:24:11+00:00","description":"\u00bfTienes preguntas sobre el aceite de arg\u00e1n? Cont\u00e1ctanos para recibir asesor\u00eda experta sobre c\u00f3mo usar el aceite de arg\u00e1n para la piel, cabello y m\u00e1s. \u00a1Estamos aqu\u00ed para ayudarte!","breadcrumb":{"@id":"https:\/\/arganhood.com\/contacta\/#breadcrumb"},"inLanguage":"es","potentialAction":[{"@type":"ReadAction","target":["https:\/\/arganhood.com\/contacta\/"]}]},{"@type":"ImageObject","inLanguage":"es","@id":"https:\/\/arganhood.com\/contacta\/#primaryimage","url":"https:\/\/arganhood.com\/wp-content\/uploads\/2024\/08\/argan-hands.jpg","contentUrl":"https:\/\/arganhood.com\/wp-content\/uploads\/2024\/08\/argan-hands.jpg"},{"@type":"BreadcrumbList","@id":"https:\/\/arganhood.com\/contacta\/#breadcrumb","itemListElement":[{"@type":"ListItem","position":1,"name":"Inicio","item":"https:\/\/arganhood.com\/"},{"@type":"ListItem","position":2,"name":"Contacta"}]},{"@type":"WebSite","@id":"https:\/\/arganhood.com\/#website","url":"https:\/\/arganhood.com\/","name":"Argan Hood","description":"Salud en tu piel","publisher":{"@id":"https:\/\/arganhood.com\/#organization"},"alternateName":"Mundo Argan","potentialAction":[{"@type":"SearchAction","target":{"@type":"EntryPoint","urlTemplate":"https:\/\/arganhood.com\/?s={search_term_string}"},"query-input":{"@type":"PropertyValueSpecification","valueRequired":true,"valueName":"search_term_string"}}],"inLanguage":"es"},{"@type":"Organization","@id":"https:\/\/arganhood.com\/#organization","name":"Argan Hood","url":"https:\/\/arganhood.com\/","logo":{"@type":"ImageObject","inLanguage":"es","@id":"https:\/\/arganhood.com\/#\/schema\/logo\/image\/","url":"https:\/\/arganhood.com\/wp-content\/uploads\/2024\/08\/logo-hood.png","contentUrl":"https:\/\/arganhood.com\/wp-content\/uploads\/2024\/08\/logo-hood.png","width":492,"height":492,"caption":"Argan Hood"},"image":{"@id":"https:\/\/arganhood.com\/#\/schema\/logo\/image\/"},"sameAs":["https:\/\/www.instagram.com\/arganhood\/"]}]}},"_links":{"self":[{"href":"https:\/\/arganhood.com\/es_es\/wp-json\/wp\/v2\/pages\/14","targetHints":{"allow":["GET"]}}],"collection":[{"href":"https:\/\/arganhood.com\/es_es\/wp-json\/wp\/v2\/pages"}],"about":[{"href":"https:\/\/arganhood.com\/es_es\/wp-json\/wp\/v2\/types\/page"}],"author":[{"embeddable":true,"href":"https:\/\/arganhood.com\/es_es\/wp-json\/wp\/v2\/users\/1"}],"replies":[{"embeddable":true,"href":"https:\/\/arganhood.com\/es_es\/wp-json\/wp\/v2\/comments?post=14"}],"version-history":[{"count":14,"href":"https:\/\/arganhood.com\/es_es\/wp-json\/wp\/v2\/pages\/14\/revisions"}],"predecessor-version":[{"id":580,"href":"https:\/\/arganhood.com\/es_es\/wp-json\/wp\/v2\/pages\/14\/revisions\/580"}],"wp:attachment":[{"href":"https:\/\/arganhood.com\/es_es\/wp-json\/wp\/v2\/media?parent=14"}],"curies":[{"name":"wp","href":"https:\/\/api.w.org\/{rel}","templated":true}]}}