{"id":550,"date":"2024-09-01T18:16:30","date_gmt":"2024-09-01T18:16:30","guid":{"rendered":"https:\/\/arganhood.com\/?page_id=550"},"modified":"2024-09-01T18:16:31","modified_gmt":"2024-09-01T18:16:31","slug":"declaracion-de-privacidad","status":"publish","type":"page","link":"https:\/\/arganhood.com\/es_es\/declaracion-de-privacidad\/","title":{"rendered":"Declaraci\u00f3n de privacidad"},"content":{"rendered":"\n<p>La informaci\u00f3n contenida en este sitio web sobre el aceite de arg\u00e1n y otros productos relacionados es \u00fanicamente para fines informativos. Aunque nos esforzamos por proporcionar informaci\u00f3n precisa y actualizada, no garantizamos la exactitud o integridad de los datos y no asumimos responsabilidad por errores u omisiones.<\/p>\n\n\n\n<p>Los productos recomendados y los enlaces de afiliados presentes en este sitio web pueden generar una comisi\u00f3n para nosotros si realizas una compra a trav\u00e9s de ellos. Esto no afecta el precio que pagas por los productos y nos ayuda a mantener este sitio web.<\/p>\n\n\n\n<p>No somos responsables de las pr\u00e1cticas de privacidad ni del contenido de sitios web externos a los que enlazamos. Recomendamos que revises las pol\u00edticas de privacidad y los t\u00e9rminos de servicio de cualquier sitio web externo antes de proporcionarles informaci\u00f3n personal.<\/p>\n\n\n\n<p>Si experimentas efectos adversos al usar productos recomendados, consulta a un profesional m\u00e9dico. La informaci\u00f3n proporcionada no debe reemplazar el consejo m\u00e9dico profesional.<\/p>\n","protected":false},"excerpt":{"rendered":"<p>La informaci\u00f3n contenida en este sitio web sobre el aceite de arg\u00e1n y otros productos relacionados es \u00fanicamente para fines informativos. Aunque nos esforzamos por proporcionar informaci\u00f3n precisa y actualizada, no garantizamos la exactitud o integridad de los datos y no asumimos responsabilidad por errores u omisiones. Los productos recomendados y los enlaces de afiliados [&hellip;]<\/p>\n","protected":false},"author":1,"featured_media":0,"parent":0,"menu_order":0,"comment_status":"closed","ping_status":"closed","template":"","meta":{"iawp_total_views":14,"footnotes":""},"class_list":["post-550","page","type-page","status-publish","hentry"],"yoast_head":"<!-- This site is optimized with the Yoast SEO plugin v27.5 - https:\/\/yoast.com\/product\/yoast-seo-wordpress\/ -->\n<title>Declaraci\u00f3n de privacidad - Argan Hood<\/title>\n<meta name=\"robots\" content=\"index, follow, max-snippet:-1, max-image-preview:large, max-video-preview:-1\" \/>\n<link rel=\"canonical\" href=\"https:\/\/arganhood.com\/es_es\/declaracion-de-privacidad\/\" \/>\n<meta property=\"og:locale\" content=\"es_ES\" \/>\n<meta property=\"og:type\" content=\"article\" \/>\n<meta property=\"og:title\" content=\"Declaraci\u00f3n de privacidad - Argan Hood\" \/>\n<meta property=\"og:description\" content=\"La informaci\u00f3n contenida en este sitio web sobre el aceite de arg\u00e1n y otros productos relacionados es \u00fanicamente para fines informativos. Aunque nos esforzamos por proporcionar informaci\u00f3n precisa y actualizada, no garantizamos la exactitud o integridad de los datos y no asumimos responsabilidad por errores u omisiones. Los productos recomendados y los enlaces de afiliados [&hellip;]\" \/>\n<meta property=\"og:url\" content=\"https:\/\/arganhood.com\/es_es\/declaracion-de-privacidad\/\" \/>\n<meta property=\"og:site_name\" content=\"Argan Hood\" \/>\n<meta property=\"article:modified_time\" content=\"2024-09-01T18:16:31+00:00\" \/>\n<meta name=\"twitter:card\" content=\"summary_large_image\" \/>\n<meta name=\"twitter:label1\" content=\"Tiempo de lectura\" \/>\n\t<meta name=\"twitter:data1\" content=\"1 minuto\" \/>\n<script type=\"application\/ld+json\" class=\"yoast-schema-graph\">{\"@context\":\"https:\\\/\\\/schema.org\",\"@graph\":[{\"@type\":\"WebPage\",\"@id\":\"https:\\\/\\\/arganhood.com\\\/declaracion-de-privacidad\\\/\",\"url\":\"https:\\\/\\\/arganhood.com\\\/declaracion-de-privacidad\\\/\",\"name\":\"Declaraci\u00f3n de privacidad - Argan Hood\",\"isPartOf\":{\"@id\":\"https:\\\/\\\/arganhood.com\\\/#website\"},\"datePublished\":\"2024-09-01T18:16:30+00:00\",\"dateModified\":\"2024-09-01T18:16:31+00:00\",\"breadcrumb\":{\"@id\":\"https:\\\/\\\/arganhood.com\\\/declaracion-de-privacidad\\\/#breadcrumb\"},\"inLanguage\":\"es\",\"potentialAction\":[{\"@type\":\"ReadAction\",\"target\":[\"https:\\\/\\\/arganhood.com\\\/declaracion-de-privacidad\\\/\"]}]},{\"@type\":\"BreadcrumbList\",\"@id\":\"https:\\\/\\\/arganhood.com\\\/declaracion-de-privacidad\\\/#breadcrumb\",\"itemListElement\":[{\"@type\":\"ListItem\",\"position\":1,\"name\":\"Inicio\",\"item\":\"https:\\\/\\\/arganhood.com\\\/\"},{\"@type\":\"ListItem\",\"position\":2,\"name\":\"Declaraci\u00f3n de privacidad\"}]},{\"@type\":\"WebSite\",\"@id\":\"https:\\\/\\\/arganhood.com\\\/#website\",\"url\":\"https:\\\/\\\/arganhood.com\\\/\",\"name\":\"Argan Hood\",\"description\":\"Salud en tu piel\",\"publisher\":{\"@id\":\"https:\\\/\\\/arganhood.com\\\/#organization\"},\"alternateName\":\"Mundo Argan\",\"potentialAction\":[{\"@type\":\"SearchAction\",\"target\":{\"@type\":\"EntryPoint\",\"urlTemplate\":\"https:\\\/\\\/arganhood.com\\\/?s={search_term_string}\"},\"query-input\":{\"@type\":\"PropertyValueSpecification\",\"valueRequired\":true,\"valueName\":\"search_term_string\"}}],\"inLanguage\":\"es\"},{\"@type\":\"Organization\",\"@id\":\"https:\\\/\\\/arganhood.com\\\/#organization\",\"name\":\"Argan Hood\",\"url\":\"https:\\\/\\\/arganhood.com\\\/\",\"logo\":{\"@type\":\"ImageObject\",\"inLanguage\":\"es\",\"@id\":\"https:\\\/\\\/arganhood.com\\\/#\\\/schema\\\/logo\\\/image\\\/\",\"url\":\"https:\\\/\\\/arganhood.com\\\/wp-content\\\/uploads\\\/2024\\\/08\\\/logo-hood.png\",\"contentUrl\":\"https:\\\/\\\/arganhood.com\\\/wp-content\\\/uploads\\\/2024\\\/08\\\/logo-hood.png\",\"width\":492,\"height\":492,\"caption\":\"Argan Hood\"},\"image\":{\"@id\":\"https:\\\/\\\/arganhood.com\\\/#\\\/schema\\\/logo\\\/image\\\/\"},\"sameAs\":[\"https:\\\/\\\/www.instagram.com\\\/arganhood\\\/\"]}]}<\/script>\n<!-- \/ Yoast SEO plugin. -->","yoast_head_json":{"title":"Declaraci\u00f3n de privacidad - Argan Hood","robots":{"index":"index","follow":"follow","max-snippet":"max-snippet:-1","max-image-preview":"max-image-preview:large","max-video-preview":"max-video-preview:-1"},"canonical":"https:\/\/arganhood.com\/es_es\/declaracion-de-privacidad\/","og_locale":"es_ES","og_type":"article","og_title":"Declaraci\u00f3n de privacidad - Argan Hood","og_description":"La informaci\u00f3n contenida en este sitio web sobre el aceite de arg\u00e1n y otros productos relacionados es \u00fanicamente para fines informativos. Aunque nos esforzamos por proporcionar informaci\u00f3n precisa y actualizada, no garantizamos la exactitud o integridad de los datos y no asumimos responsabilidad por errores u omisiones. Los productos recomendados y los enlaces de afiliados [&hellip;]","og_url":"https:\/\/arganhood.com\/es_es\/declaracion-de-privacidad\/","og_site_name":"Argan Hood","article_modified_time":"2024-09-01T18:16:31+00:00","twitter_card":"summary_large_image","twitter_misc":{"Tiempo de lectura":"1 minuto"},"schema":{"@context":"https:\/\/schema.org","@graph":[{"@type":"WebPage","@id":"https:\/\/arganhood.com\/declaracion-de-privacidad\/","url":"https:\/\/arganhood.com\/declaracion-de-privacidad\/","name":"Declaraci\u00f3n de privacidad - Argan Hood","isPartOf":{"@id":"https:\/\/arganhood.com\/#website"},"datePublished":"2024-09-01T18:16:30+00:00","dateModified":"2024-09-01T18:16:31+00:00","breadcrumb":{"@id":"https:\/\/arganhood.com\/declaracion-de-privacidad\/#breadcrumb"},"inLanguage":"es","potentialAction":[{"@type":"ReadAction","target":["https:\/\/arganhood.com\/declaracion-de-privacidad\/"]}]},{"@type":"BreadcrumbList","@id":"https:\/\/arganhood.com\/declaracion-de-privacidad\/#breadcrumb","itemListElement":[{"@type":"ListItem","position":1,"name":"Inicio","item":"https:\/\/arganhood.com\/"},{"@type":"ListItem","position":2,"name":"Declaraci\u00f3n de privacidad"}]},{"@type":"WebSite","@id":"https:\/\/arganhood.com\/#website","url":"https:\/\/arganhood.com\/","name":"Argan Hood","description":"Salud en tu piel","publisher":{"@id":"https:\/\/arganhood.com\/#organization"},"alternateName":"Mundo Argan","potentialAction":[{"@type":"SearchAction","target":{"@type":"EntryPoint","urlTemplate":"https:\/\/arganhood.com\/?s={search_term_string}"},"query-input":{"@type":"PropertyValueSpecification","valueRequired":true,"valueName":"search_term_string"}}],"inLanguage":"es"},{"@type":"Organization","@id":"https:\/\/arganhood.com\/#organization","name":"Argan Hood","url":"https:\/\/arganhood.com\/","logo":{"@type":"ImageObject","inLanguage":"es","@id":"https:\/\/arganhood.com\/#\/schema\/logo\/image\/","url":"https:\/\/arganhood.com\/wp-content\/uploads\/2024\/08\/logo-hood.png","contentUrl":"https:\/\/arganhood.com\/wp-content\/uploads\/2024\/08\/logo-hood.png","width":492,"height":492,"caption":"Argan Hood"},"image":{"@id":"https:\/\/arganhood.com\/#\/schema\/logo\/image\/"},"sameAs":["https:\/\/www.instagram.com\/arganhood\/"]}]}},"_links":{"self":[{"href":"https:\/\/arganhood.com\/es_es\/wp-json\/wp\/v2\/pages\/550","targetHints":{"allow":["GET"]}}],"collection":[{"href":"https:\/\/arganhood.com\/es_es\/wp-json\/wp\/v2\/pages"}],"about":[{"href":"https:\/\/arganhood.com\/es_es\/wp-json\/wp\/v2\/types\/page"}],"author":[{"embeddable":true,"href":"https:\/\/arganhood.com\/es_es\/wp-json\/wp\/v2\/users\/1"}],"replies":[{"embeddable":true,"href":"https:\/\/arganhood.com\/es_es\/wp-json\/wp\/v2\/comments?post=550"}],"version-history":[{"count":1,"href":"https:\/\/arganhood.com\/es_es\/wp-json\/wp\/v2\/pages\/550\/revisions"}],"predecessor-version":[{"id":551,"href":"https:\/\/arganhood.com\/es_es\/wp-json\/wp\/v2\/pages\/550\/revisions\/551"}],"wp:attachment":[{"href":"https:\/\/arganhood.com\/es_es\/wp-json\/wp\/v2\/media?parent=550"}],"curies":[{"name":"wp","href":"https:\/\/api.w.org\/{rel}","templated":true}]}}