{"id":552,"date":"2024-09-01T18:19:54","date_gmt":"2024-09-01T18:19:54","guid":{"rendered":"https:\/\/arganhood.com\/?page_id=552"},"modified":"2024-09-01T18:19:55","modified_gmt":"2024-09-01T18:19:55","slug":"descargo-de-responsabilidad","status":"publish","type":"page","link":"https:\/\/arganhood.com\/es_es\/descargo-de-responsabilidad\/","title":{"rendered":"Descargo de Responsabilidad"},"content":{"rendered":"\n<p><strong>Informaci\u00f3n General<\/strong><\/p>\n\n\n\n<p>La informaci\u00f3n proporcionada en este sitio web, https:\/\/arganhood.com, es \u00fanicamente para fines informativos generales. Nos esforzamos por proporcionar informaci\u00f3n precisa y actualizada sobre el aceite de Arg\u00e1n y otros productos relacionados, pero no garantizamos que toda la informaci\u00f3n sea completa, precisa o actual.<\/p>\n\n\n\n<p><strong>No Sustituye Asesoramiento Profesional<\/strong><\/p>\n\n\n\n<p>El contenido de este sitio web no debe ser considerado como asesoramiento profesional, m\u00e9dico, financiero, o legal. Si tienes alguna preocupaci\u00f3n espec\u00edfica sobre la salud o el uso de productos, te recomendamos que consultes a un profesional calificado antes de tomar decisiones basadas en la informaci\u00f3n proporcionada en este sitio.<\/p>\n\n\n\n<p><strong>Enlaces de Afiliados<\/strong><\/p>\n\n\n\n<p>Algunos enlaces en nuestro sitio web son enlaces de afiliados. Esto significa que podemos recibir una comisi\u00f3n si haces una compra a trav\u00e9s de esos enlaces, sin costo adicional para ti. Esta comisi\u00f3n ayuda a mantener nuestro sitio web y a ofrecer contenido gratuito.<\/p>\n\n\n\n<p><strong>Responsabilidad sobre Enlaces Externos<\/strong><\/p>\n\n\n\n<p>Nuestro sitio web puede contener enlaces a sitios web de terceros. No tenemos control sobre el contenido de estos sitios y no asumimos responsabilidad por las pr\u00e1cticas de privacidad o el contenido de los sitios enlazados. El acceso a estos sitios web es bajo tu propio riesgo.<\/p>\n\n\n\n<p><strong>Exclusi\u00f3n de Responsabilidad<\/strong><\/p>\n\n\n\n<p>No asumimos ninguna responsabilidad por cualquier da\u00f1o, p\u00e9rdida o perjuicio que pueda surgir del uso de este sitio web o de la informaci\u00f3n contenida en \u00e9l. Esto incluye, pero no se limita a, da\u00f1os directos, indirectos, incidentales o consecuentes.<\/p>\n\n\n\n<p><strong>Modificaciones del Descargo de Responsabilidad<\/strong><\/p>\n\n\n\n<p>Nos reservamos el derecho de modificar este descargo de responsabilidad en cualquier momento. Las modificaciones ser\u00e1n efectivas al momento de su publicaci\u00f3n en el sitio web.<\/p>\n\n\n\n<p><strong>Fecha de la \u00daltima Actualizaci\u00f3n:<\/strong> 01\/09\/2024<\/p>\n","protected":false},"excerpt":{"rendered":"<p>Informaci\u00f3n General La informaci\u00f3n proporcionada en este sitio web, https:\/\/arganhood.com, es \u00fanicamente para fines informativos generales. Nos esforzamos por proporcionar informaci\u00f3n precisa y actualizada sobre el aceite de Arg\u00e1n y otros productos relacionados, pero no garantizamos que toda la informaci\u00f3n sea completa, precisa o actual. No Sustituye Asesoramiento Profesional El contenido de este sitio web [&hellip;]<\/p>\n","protected":false},"author":1,"featured_media":0,"parent":0,"menu_order":0,"comment_status":"closed","ping_status":"closed","template":"","meta":{"iawp_total_views":1,"footnotes":""},"class_list":["post-552","page","type-page","status-publish","hentry"],"yoast_head":"<!-- This site is optimized with the Yoast SEO plugin v27.5 - https:\/\/yoast.com\/product\/yoast-seo-wordpress\/ -->\n<title>Descargo de Responsabilidad - Argan Hood<\/title>\n<meta name=\"robots\" content=\"index, follow, max-snippet:-1, max-image-preview:large, max-video-preview:-1\" \/>\n<link rel=\"canonical\" href=\"https:\/\/arganhood.com\/es_es\/descargo-de-responsabilidad\/\" \/>\n<meta property=\"og:locale\" content=\"es_ES\" \/>\n<meta property=\"og:type\" content=\"article\" \/>\n<meta property=\"og:title\" content=\"Descargo de Responsabilidad - Argan Hood\" \/>\n<meta property=\"og:description\" content=\"Informaci\u00f3n General La informaci\u00f3n proporcionada en este sitio web, https:\/\/arganhood.com, es \u00fanicamente para fines informativos generales. Nos esforzamos por proporcionar informaci\u00f3n precisa y actualizada sobre el aceite de Arg\u00e1n y otros productos relacionados, pero no garantizamos que toda la informaci\u00f3n sea completa, precisa o actual. No Sustituye Asesoramiento Profesional El contenido de este sitio web [&hellip;]\" \/>\n<meta property=\"og:url\" content=\"https:\/\/arganhood.com\/es_es\/descargo-de-responsabilidad\/\" \/>\n<meta property=\"og:site_name\" content=\"Argan Hood\" \/>\n<meta property=\"article:modified_time\" content=\"2024-09-01T18:19:55+00:00\" \/>\n<meta name=\"twitter:card\" content=\"summary_large_image\" \/>\n<meta name=\"twitter:label1\" content=\"Tiempo de lectura\" \/>\n\t<meta name=\"twitter:data1\" content=\"2 minutos\" \/>\n<script type=\"application\/ld+json\" class=\"yoast-schema-graph\">{\"@context\":\"https:\\\/\\\/schema.org\",\"@graph\":[{\"@type\":\"WebPage\",\"@id\":\"https:\\\/\\\/arganhood.com\\\/descargo-de-responsabilidad\\\/\",\"url\":\"https:\\\/\\\/arganhood.com\\\/descargo-de-responsabilidad\\\/\",\"name\":\"Descargo de Responsabilidad - Argan Hood\",\"isPartOf\":{\"@id\":\"https:\\\/\\\/arganhood.com\\\/#website\"},\"datePublished\":\"2024-09-01T18:19:54+00:00\",\"dateModified\":\"2024-09-01T18:19:55+00:00\",\"breadcrumb\":{\"@id\":\"https:\\\/\\\/arganhood.com\\\/descargo-de-responsabilidad\\\/#breadcrumb\"},\"inLanguage\":\"es\",\"potentialAction\":[{\"@type\":\"ReadAction\",\"target\":[\"https:\\\/\\\/arganhood.com\\\/descargo-de-responsabilidad\\\/\"]}]},{\"@type\":\"BreadcrumbList\",\"@id\":\"https:\\\/\\\/arganhood.com\\\/descargo-de-responsabilidad\\\/#breadcrumb\",\"itemListElement\":[{\"@type\":\"ListItem\",\"position\":1,\"name\":\"Inicio\",\"item\":\"https:\\\/\\\/arganhood.com\\\/\"},{\"@type\":\"ListItem\",\"position\":2,\"name\":\"Descargo de Responsabilidad\"}]},{\"@type\":\"WebSite\",\"@id\":\"https:\\\/\\\/arganhood.com\\\/#website\",\"url\":\"https:\\\/\\\/arganhood.com\\\/\",\"name\":\"Argan Hood\",\"description\":\"Salud en tu piel\",\"publisher\":{\"@id\":\"https:\\\/\\\/arganhood.com\\\/#organization\"},\"alternateName\":\"Mundo Argan\",\"potentialAction\":[{\"@type\":\"SearchAction\",\"target\":{\"@type\":\"EntryPoint\",\"urlTemplate\":\"https:\\\/\\\/arganhood.com\\\/?s={search_term_string}\"},\"query-input\":{\"@type\":\"PropertyValueSpecification\",\"valueRequired\":true,\"valueName\":\"search_term_string\"}}],\"inLanguage\":\"es\"},{\"@type\":\"Organization\",\"@id\":\"https:\\\/\\\/arganhood.com\\\/#organization\",\"name\":\"Argan Hood\",\"url\":\"https:\\\/\\\/arganhood.com\\\/\",\"logo\":{\"@type\":\"ImageObject\",\"inLanguage\":\"es\",\"@id\":\"https:\\\/\\\/arganhood.com\\\/#\\\/schema\\\/logo\\\/image\\\/\",\"url\":\"https:\\\/\\\/arganhood.com\\\/wp-content\\\/uploads\\\/2024\\\/08\\\/logo-hood.png\",\"contentUrl\":\"https:\\\/\\\/arganhood.com\\\/wp-content\\\/uploads\\\/2024\\\/08\\\/logo-hood.png\",\"width\":492,\"height\":492,\"caption\":\"Argan Hood\"},\"image\":{\"@id\":\"https:\\\/\\\/arganhood.com\\\/#\\\/schema\\\/logo\\\/image\\\/\"},\"sameAs\":[\"https:\\\/\\\/www.instagram.com\\\/arganhood\\\/\"]}]}<\/script>\n<!-- \/ Yoast SEO plugin. -->","yoast_head_json":{"title":"Descargo de Responsabilidad - Argan Hood","robots":{"index":"index","follow":"follow","max-snippet":"max-snippet:-1","max-image-preview":"max-image-preview:large","max-video-preview":"max-video-preview:-1"},"canonical":"https:\/\/arganhood.com\/es_es\/descargo-de-responsabilidad\/","og_locale":"es_ES","og_type":"article","og_title":"Descargo de Responsabilidad - Argan Hood","og_description":"Informaci\u00f3n General La informaci\u00f3n proporcionada en este sitio web, https:\/\/arganhood.com, es \u00fanicamente para fines informativos generales. Nos esforzamos por proporcionar informaci\u00f3n precisa y actualizada sobre el aceite de Arg\u00e1n y otros productos relacionados, pero no garantizamos que toda la informaci\u00f3n sea completa, precisa o actual. No Sustituye Asesoramiento Profesional El contenido de este sitio web [&hellip;]","og_url":"https:\/\/arganhood.com\/es_es\/descargo-de-responsabilidad\/","og_site_name":"Argan Hood","article_modified_time":"2024-09-01T18:19:55+00:00","twitter_card":"summary_large_image","twitter_misc":{"Tiempo de lectura":"2 minutos"},"schema":{"@context":"https:\/\/schema.org","@graph":[{"@type":"WebPage","@id":"https:\/\/arganhood.com\/descargo-de-responsabilidad\/","url":"https:\/\/arganhood.com\/descargo-de-responsabilidad\/","name":"Descargo de Responsabilidad - Argan Hood","isPartOf":{"@id":"https:\/\/arganhood.com\/#website"},"datePublished":"2024-09-01T18:19:54+00:00","dateModified":"2024-09-01T18:19:55+00:00","breadcrumb":{"@id":"https:\/\/arganhood.com\/descargo-de-responsabilidad\/#breadcrumb"},"inLanguage":"es","potentialAction":[{"@type":"ReadAction","target":["https:\/\/arganhood.com\/descargo-de-responsabilidad\/"]}]},{"@type":"BreadcrumbList","@id":"https:\/\/arganhood.com\/descargo-de-responsabilidad\/#breadcrumb","itemListElement":[{"@type":"ListItem","position":1,"name":"Inicio","item":"https:\/\/arganhood.com\/"},{"@type":"ListItem","position":2,"name":"Descargo de Responsabilidad"}]},{"@type":"WebSite","@id":"https:\/\/arganhood.com\/#website","url":"https:\/\/arganhood.com\/","name":"Argan Hood","description":"Salud en tu piel","publisher":{"@id":"https:\/\/arganhood.com\/#organization"},"alternateName":"Mundo Argan","potentialAction":[{"@type":"SearchAction","target":{"@type":"EntryPoint","urlTemplate":"https:\/\/arganhood.com\/?s={search_term_string}"},"query-input":{"@type":"PropertyValueSpecification","valueRequired":true,"valueName":"search_term_string"}}],"inLanguage":"es"},{"@type":"Organization","@id":"https:\/\/arganhood.com\/#organization","name":"Argan Hood","url":"https:\/\/arganhood.com\/","logo":{"@type":"ImageObject","inLanguage":"es","@id":"https:\/\/arganhood.com\/#\/schema\/logo\/image\/","url":"https:\/\/arganhood.com\/wp-content\/uploads\/2024\/08\/logo-hood.png","contentUrl":"https:\/\/arganhood.com\/wp-content\/uploads\/2024\/08\/logo-hood.png","width":492,"height":492,"caption":"Argan Hood"},"image":{"@id":"https:\/\/arganhood.com\/#\/schema\/logo\/image\/"},"sameAs":["https:\/\/www.instagram.com\/arganhood\/"]}]}},"_links":{"self":[{"href":"https:\/\/arganhood.com\/es_es\/wp-json\/wp\/v2\/pages\/552","targetHints":{"allow":["GET"]}}],"collection":[{"href":"https:\/\/arganhood.com\/es_es\/wp-json\/wp\/v2\/pages"}],"about":[{"href":"https:\/\/arganhood.com\/es_es\/wp-json\/wp\/v2\/types\/page"}],"author":[{"embeddable":true,"href":"https:\/\/arganhood.com\/es_es\/wp-json\/wp\/v2\/users\/1"}],"replies":[{"embeddable":true,"href":"https:\/\/arganhood.com\/es_es\/wp-json\/wp\/v2\/comments?post=552"}],"version-history":[{"count":1,"href":"https:\/\/arganhood.com\/es_es\/wp-json\/wp\/v2\/pages\/552\/revisions"}],"predecessor-version":[{"id":553,"href":"https:\/\/arganhood.com\/es_es\/wp-json\/wp\/v2\/pages\/552\/revisions\/553"}],"wp:attachment":[{"href":"https:\/\/arganhood.com\/es_es\/wp-json\/wp\/v2\/media?parent=552"}],"curies":[{"name":"wp","href":"https:\/\/api.w.org\/{rel}","templated":true}]}}